{"id":2132,"date":"2025-11-06T10:18:04","date_gmt":"2025-11-06T10:18:04","guid":{"rendered":"https:\/\/migration.psychologia.uj.edu.pl\/crisis\/"},"modified":"2025-12-31T13:20:34","modified_gmt":"2025-12-31T13:20:34","slug":"crisis","status":"publish","type":"page","link":"https:\/\/migration.psychologia.uj.edu.pl\/pl\/crisis\/","title":{"rendered":"Sytuacje trudne i kryzysowe"},"content":{"rendered":"\n<p>W tym rozdziale zebrali\u015bmy wiedz\u0119, kt\u00f3ra pomo\u017ce w adekwatnym zaopiekowaniu si\u0119 potrzebami dziecka z do\u015bwiadczeniem traumy.<\/p>\n\n\n\n<p>Sytuacje trudne i kryzysowe \u2013 takie jak do\u015bwiadczenie przymusowej migracji w wyniku wybuchu wojny \u2013 mog\u0105 znacz\u0105co wp\u0142ywa\u0107 na funkcjonowanie dziecka w codziennym \u017cyciu, r\u00f3wnie\u017c w kontek\u015bcie szkolnym. Jednocze\u015bnie warto podkre\u015bli\u0107, \u017ce do\u015bwiadczenie traumy nie jest ograniczone wy\u0142\u0105cznie do kontekstu wojny czy konfliktu zbrojnego. Do\u015bwiadczenia trudne i kryzysowe mog\u0105 mie\u0107 bardzo r\u00f3\u017cnorodny charakter i stanowi\u0107 cz\u0119\u015b\u0107 codziennego \u017cycia dziecka, niezale\u017cnie od sytuacji geopolitycznej czy migracyjnej.<\/p>\n\n\n\n<p>Dlatego w tym rozdziale pokazujemy szerokie spektrum do\u015bwiadcze\u0144, kt\u00f3re mog\u0105 prowadzi\u0107 do przeci\u0105\u017cenia, kryzysu lub traumy, podkre\u015blaj\u0105c, \u017ce s\u0105 to zjawiska powszechne i nierzadko obecne w \u015brodowisku szkolnym. Takie uj\u0119cie pozwala lepiej rozumie\u0107 zachowania dzieci oraz dostrzega\u0107 ich potrzeby, niezale\u017cnie od \u017ar\u00f3d\u0142a trudnych do\u015bwiadcze\u0144.<\/p>\n\n\n\n<p>Przedstawiamy schemat, kt\u00f3rego poszczeg\u00f3lne elementy odnosz\u0105 si\u0119 do zagadnie\u0144 pomocnych w rozpoznawaniu przyczyn i konsekwencji do\u015bwiadcze\u0144 traumatycznych, a tak\u017ce zawieraj\u0105 wskaz\u00f3wki dotycz\u0105ce budowania wspieraj\u0105cej i bezpiecznej przestrzeni.<\/p>\n\n\n\n<p>Poniewa\u017c do\u015bwiadczenie traumy mo\u017ce oddzia\u0142ywa\u0107 zar\u00f3wno na zdrowie psychiczne, jak i fizyczne dziecka, kluczowe znaczenie ma wsp\u00f3\u0142praca pomi\u0119dzy kadr\u0105 szkoln\u0105, opiekunami oraz odpowiednimi specjalistami.<\/p>\n","protected":false},"excerpt":{"rendered":"","protected":false},"author":1,"featured_media":2131,"parent":0,"menu_order":0,"comment_status":"closed","ping_status":"closed","template":"page-templates\/level.php","meta":{"_acf_changed":false,"inline_featured_image":false,"footnotes":""},"class_list":["post-2132","page","type-page","status-publish","has-post-thumbnail","hentry"],"acf":[],"_links":{"self":[{"href":"https:\/\/migration.psychologia.uj.edu.pl\/pl\/wp-json\/wp\/v2\/pages\/2132","targetHints":{"allow":["GET"]}}],"collection":[{"href":"https:\/\/migration.psychologia.uj.edu.pl\/pl\/wp-json\/wp\/v2\/pages"}],"about":[{"href":"https:\/\/migration.psychologia.uj.edu.pl\/pl\/wp-json\/wp\/v2\/types\/page"}],"author":[{"embeddable":true,"href":"https:\/\/migration.psychologia.uj.edu.pl\/pl\/wp-json\/wp\/v2\/users\/1"}],"replies":[{"embeddable":true,"href":"https:\/\/migration.psychologia.uj.edu.pl\/pl\/wp-json\/wp\/v2\/comments?post=2132"}],"version-history":[{"count":9,"href":"https:\/\/migration.psychologia.uj.edu.pl\/pl\/wp-json\/wp\/v2\/pages\/2132\/revisions"}],"predecessor-version":[{"id":2150,"href":"https:\/\/migration.psychologia.uj.edu.pl\/pl\/wp-json\/wp\/v2\/pages\/2132\/revisions\/2150"}],"wp:featuredmedia":[{"embeddable":true,"href":"https:\/\/migration.psychologia.uj.edu.pl\/pl\/wp-json\/wp\/v2\/media\/2131"}],"wp:attachment":[{"href":"https:\/\/migration.psychologia.uj.edu.pl\/pl\/wp-json\/wp\/v2\/media?parent=2132"}],"curies":[{"name":"wp","href":"https:\/\/api.w.org\/{rel}","templated":true}]}}