{"id":874,"date":"2022-12-07T13:15:04","date_gmt":"2022-12-07T13:15:04","guid":{"rendered":"https:\/\/diagram.8080.dev\/acknowledgements\/"},"modified":"2025-12-31T13:35:09","modified_gmt":"2025-12-31T13:35:09","slug":"acknowledgements","status":"publish","type":"page","link":"https:\/\/migration.psychologia.uj.edu.pl\/pl\/acknowledgements\/","title":{"rendered":"Zesp\u00f3\u0142 autorski i podzi\u0119kowania"},"content":{"rendered":"\n<p>Ta praca zosta\u0142a stworzona na podstawie autorskich schemat\u00f3w blokowych przygotowanych przez Barzykowski, K. oraz rozwini\u0119tych, zrecenzowanych i edytowanych przez nast\u0119puj\u0105cy zesp\u00f3\u0142: Barzykowski, K., Durlik, J., Szyd\u0142owska-Klakla, P., oraz Grzyma\u0142a-Moszczy\u0144ska, J. (2022). Pocz\u0105tkowe schematy blokowe s\u0105 dost\u0119pne do pobrania tutaj <a href=\"https:\/\/migration.psychologia.uj.edu.pl\/wp-content\/uploads\/2022\/12\/Initial-Flow-Charts.zip\">[zip.file]<\/a>. <\/p>\n\n\n\n<p>Implementacja i rozwini\u0119cie pracy wykonane przez Barzykowski, K. i Durlik, J.<\/p>\n\n\n\n<p>Chcemy podzi\u0119kowa\u0107 prof. Zofii Wodnieckiej-Chlipalskiej za konstruktywne komentarze i sugestie. Dzi\u0119kujemy r\u00f3wnie\u017c Marcjannie Kubali za pomoc w przygotowaniu polskiego t\u0142umaczenia strony internetowej oraz adw. dr Joannie Barzykowskiej za wsparcie prawne i t\u0142umaczeniowe na r\u00f3\u017cnych etapach realizacji projektu.<\/p>\n\n\n\n<p>Powo\u0142uj\u0105c si\u0119 na niniejsze materia\u0142y prosz\u0119 stosowa\u0107 nast\u0119puj\u0105ce cytowanie: Barzykowski, K., Durlik, J., Szyd\u0142owska-Klakla, P., i Grzyma\u0142a-Moszczy\u0144ska, J. (2023). Migration in Action: Theory and Practice &#8211; Navigating and embracing cultural and linguistic diversity in a classroom. Dost\u0119p na stronie: [https:\/\/migration.psychologia.uj.edu.pl\/]<\/p>\n\n\n\n<p>Przygotowanie tych materia\u0142\u00f3w zosta\u0142o sfinansowane przez program Erasmus+ (grant 2020-1-PL01-KA203-082136).<\/p>\n\n\n\n<p>Wsparcie Komisji Europejskiej w przygotowaniu tych materia\u0142\u00f3w nie obejmuje zatwierdzenia zawartych tre\u015bci, kt\u00f3re s\u0105 odbiciem wiedzy i pogl\u0105d\u00f3w os\u00f3b autorskich. Komisja nie ponosi odpowiedzialno\u015bci za wykorzystanie w jakikolwiek spos\u00f3b informacji zawartych w niniejszej pracy.<\/p>\n\n\n\n<p>Modernizacja i dalsza rozbudowa strony (2025) by\u0142y mo\u017cliwe dzi\u0119ki dzia\u0142alno\u015bci Bilingualism Matters Krakow oraz finansowaniu z programu Inicjatywa Doskona\u0142o\u015bci \u2013 UJ (IDUJ) we wsp\u00f3\u0142pracy z Behaviour in Crisis Lab.<br><br>Dr hab. Krystian Barzykowski, prof. UJ oraz dr Zaruhi Shahinyan s\u0105 wsp\u00f3\u0142autorami tre\u015bci merytorycznych nowego rozdzia\u0142u dotycz\u0105cego sytuacji trudnych i kryzysowych.<\/p>\n\n\n\n<p>Materia\u0142y TEAM s\u0105 obj\u0119te licencj\u0105 mi\u0119dzynarodow\u0105 Uznanie autorstwa \u2013 U\u017cycie niekomercyjne \u2013 Bez utwor\u00f3w zale\u017cnych (<em>Creative Commons Attribution-Non Commercial-No Derivatives 4.0 International License<\/em>).<\/p>\n\n\n\n<figure class=\"wp-block-image size-full is-resized\"><img decoding=\"async\" src=\"https:\/\/migration.psychologia.uj.edu.pl\/wp-content\/uploads\/2023\/11\/CC.png\" alt=\"\" class=\"wp-image-1422\" style=\"width:148px;height:52px\"\/><\/figure>\n","protected":false},"excerpt":{"rendered":"","protected":false},"author":1,"featured_media":0,"parent":0,"menu_order":0,"comment_status":"closed","ping_status":"closed","template":"","meta":{"_acf_changed":false,"inline_featured_image":false,"footnotes":""},"class_list":["post-874","page","type-page","status-publish","hentry"],"acf":[],"_links":{"self":[{"href":"https:\/\/migration.psychologia.uj.edu.pl\/pl\/wp-json\/wp\/v2\/pages\/874","targetHints":{"allow":["GET"]}}],"collection":[{"href":"https:\/\/migration.psychologia.uj.edu.pl\/pl\/wp-json\/wp\/v2\/pages"}],"about":[{"href":"https:\/\/migration.psychologia.uj.edu.pl\/pl\/wp-json\/wp\/v2\/types\/page"}],"author":[{"embeddable":true,"href":"https:\/\/migration.psychologia.uj.edu.pl\/pl\/wp-json\/wp\/v2\/users\/1"}],"replies":[{"embeddable":true,"href":"https:\/\/migration.psychologia.uj.edu.pl\/pl\/wp-json\/wp\/v2\/comments?post=874"}],"version-history":[{"count":13,"href":"https:\/\/migration.psychologia.uj.edu.pl\/pl\/wp-json\/wp\/v2\/pages\/874\/revisions"}],"predecessor-version":[{"id":2153,"href":"https:\/\/migration.psychologia.uj.edu.pl\/pl\/wp-json\/wp\/v2\/pages\/874\/revisions\/2153"}],"wp:attachment":[{"href":"https:\/\/migration.psychologia.uj.edu.pl\/pl\/wp-json\/wp\/v2\/media?parent=874"}],"curies":[{"name":"wp","href":"https:\/\/api.w.org\/{rel}","templated":true}]}}