{"id":878,"date":"2022-12-12T10:14:45","date_gmt":"2022-12-12T10:14:45","guid":{"rendered":"https:\/\/diagram.8080.dev\/diversity-identification\/"},"modified":"2023-06-28T10:18:50","modified_gmt":"2023-06-28T10:18:50","slug":"diversity-identification","status":"publish","type":"page","link":"https:\/\/migration.psychologia.uj.edu.pl\/pl\/diversity-identification\/","title":{"rendered":"Identyfikacja r\u00f3\u017cnorodno\u015bci"},"content":{"rendered":"\n<p>Jak mo\u017cemy zidentyfikowa\u0107 i opisa\u0107\/zaklasyfikowa\u0107 identyfikacj\u0119 kulturow\u0105 i j\u0119zykow\u0105 dziecka?<\/p>\n\n\n\n<p>Przedstawiamy schemat, kt\u00f3ry prowadzi przez seri\u0119 pyta\u0144, na kt\u00f3re nale\u017cy odpowiedzie\u0107, by m\u00f3c zidentyfikowa\u0107 potrzeby dziecka. Ta rozpiska u\u0142atwi ustalenie, jaki rodzaj pomocy lub wsparcia b\u0119d\u0105 najistotniejsze, a tak\u017ce pozwol\u0105 oceni\u0107 potencjalne czynniki ryzyka, kt\u00f3re warto wzi\u0105\u0107 pod uwag\u0119.<\/p>\n\n\n\n<p>Sprawd\u017a to sam! Sprawd\u017a to sama!<\/p>\n","protected":false},"excerpt":{"rendered":"","protected":false},"author":1,"featured_media":661,"parent":0,"menu_order":0,"comment_status":"closed","ping_status":"closed","template":"page-templates\/level.php","meta":{"_acf_changed":false,"inline_featured_image":false,"footnotes":""},"class_list":["post-878","page","type-page","status-publish","has-post-thumbnail","hentry"],"acf":[],"_links":{"self":[{"href":"https:\/\/migration.psychologia.uj.edu.pl\/pl\/wp-json\/wp\/v2\/pages\/878","targetHints":{"allow":["GET"]}}],"collection":[{"href":"https:\/\/migration.psychologia.uj.edu.pl\/pl\/wp-json\/wp\/v2\/pages"}],"about":[{"href":"https:\/\/migration.psychologia.uj.edu.pl\/pl\/wp-json\/wp\/v2\/types\/page"}],"author":[{"embeddable":true,"href":"https:\/\/migration.psychologia.uj.edu.pl\/pl\/wp-json\/wp\/v2\/users\/1"}],"replies":[{"embeddable":true,"href":"https:\/\/migration.psychologia.uj.edu.pl\/pl\/wp-json\/wp\/v2\/comments?post=878"}],"version-history":[{"count":4,"href":"https:\/\/migration.psychologia.uj.edu.pl\/pl\/wp-json\/wp\/v2\/pages\/878\/revisions"}],"predecessor-version":[{"id":1319,"href":"https:\/\/migration.psychologia.uj.edu.pl\/pl\/wp-json\/wp\/v2\/pages\/878\/revisions\/1319"}],"wp:featuredmedia":[{"embeddable":true,"href":"https:\/\/migration.psychologia.uj.edu.pl\/pl\/wp-json\/wp\/v2\/media\/661"}],"wp:attachment":[{"href":"https:\/\/migration.psychologia.uj.edu.pl\/pl\/wp-json\/wp\/v2\/media?parent=878"}],"curies":[{"name":"wp","href":"https:\/\/api.w.org\/{rel}","templated":true}]}}