{"id":883,"date":"2022-12-06T09:15:39","date_gmt":"2022-12-06T09:15:39","guid":{"rendered":"https:\/\/diagram.8080.dev\/the-classroom-level\/"},"modified":"2023-06-28T23:00:39","modified_gmt":"2023-06-28T23:00:39","slug":"the-classroom-level","status":"publish","type":"page","link":"https:\/\/migration.psychologia.uj.edu.pl\/pl\/the-classroom-level\/","title":{"rendered":"Klasa"},"content":{"rendered":"\n<p>My\u015bl\u0105c o przygotowaniu klasy na przyj\u0119cie nowego dziecka, nale\u017cy uwa\u017cnie rozwa\u017cy\u0107 trzy aspekty:<\/p>\n\n\n\n<p>Pierwszy &#8211; klasa mo\u017ce by\u0107 rozumiana jako fizyczna przestrze\u0144, kt\u00f3ra jest lub nie jest kulturowo inkluzywna.<\/p>\n\n\n\n<p>Drugi &#8211; klasa sk\u0142ada si\u0119 z uczennic i uczni\u00f3w, kt\u00f3rzy mog\u0105 nie by\u0107 gotowi, aby przyj\u0105\u0107 nowe dziecko z do\u015bwiadczeniem migracji (lub wieloj\u0119zyczne) do swojego grona.<\/p>\n\n\n\n<p>Trzeci &#8211; klasa, w szerszym sensie, to spo\u0142eczno\u015b\u0107 ukszta\u0142towana r\u00f3wnie\u017c przez klimat panuj\u0105cy w szkole oraz rodzic\u00f3w, kt\u00f3rzy (mniej lub bardziej bezpo\u015brednio) wp\u0142ywaj\u0105 na sytuacj\u0119 dzieci migranckich.<\/p>\n\n\n\n<p><\/p>\n\n\n\n<p><\/p>\n\n\n\n<p><\/p>\n\n\n\n<p><\/p>\n","protected":false},"excerpt":{"rendered":"","protected":false},"author":1,"featured_media":865,"parent":0,"menu_order":0,"comment_status":"closed","ping_status":"closed","template":"page-templates\/level.php","meta":{"_acf_changed":false,"inline_featured_image":false,"footnotes":""},"class_list":["post-883","page","type-page","status-publish","has-post-thumbnail","hentry"],"acf":[],"_links":{"self":[{"href":"https:\/\/migration.psychologia.uj.edu.pl\/pl\/wp-json\/wp\/v2\/pages\/883","targetHints":{"allow":["GET"]}}],"collection":[{"href":"https:\/\/migration.psychologia.uj.edu.pl\/pl\/wp-json\/wp\/v2\/pages"}],"about":[{"href":"https:\/\/migration.psychologia.uj.edu.pl\/pl\/wp-json\/wp\/v2\/types\/page"}],"author":[{"embeddable":true,"href":"https:\/\/migration.psychologia.uj.edu.pl\/pl\/wp-json\/wp\/v2\/users\/1"}],"replies":[{"embeddable":true,"href":"https:\/\/migration.psychologia.uj.edu.pl\/pl\/wp-json\/wp\/v2\/comments?post=883"}],"version-history":[{"count":5,"href":"https:\/\/migration.psychologia.uj.edu.pl\/pl\/wp-json\/wp\/v2\/pages\/883\/revisions"}],"predecessor-version":[{"id":1373,"href":"https:\/\/migration.psychologia.uj.edu.pl\/pl\/wp-json\/wp\/v2\/pages\/883\/revisions\/1373"}],"wp:featuredmedia":[{"embeddable":true,"href":"https:\/\/migration.psychologia.uj.edu.pl\/pl\/wp-json\/wp\/v2\/media\/865"}],"wp:attachment":[{"href":"https:\/\/migration.psychologia.uj.edu.pl\/pl\/wp-json\/wp\/v2\/media?parent=883"}],"curies":[{"name":"wp","href":"https:\/\/api.w.org\/{rel}","templated":true}]}}