{"id":885,"date":"2022-12-06T09:15:31","date_gmt":"2022-12-06T09:15:31","guid":{"rendered":"https:\/\/diagram.8080.dev\/the-parental-and-contextual-level\/"},"modified":"2023-07-04T17:57:01","modified_gmt":"2023-07-04T17:57:01","slug":"the-parental-and-contextual-level","status":"publish","type":"page","link":"https:\/\/migration.psychologia.uj.edu.pl\/pl\/the-parental-and-contextual-level\/","title":{"rendered":"Rodzice\/rodzina i kontekst migracji"},"content":{"rendered":"\n<p>Jednym z najwa\u017cniejszych punkt\u00f3w pocz\u0105tkowych jest poznanie rodziny i kontekstu jej migracji. Jakie s\u0105 przyczyny przeprowadzki do innego kraju? Jaki jest system edukacji, z kt\u00f3rego wywodzi si\u0119 dziecko? Co wiemy o dziecku z perspektywy rodzic\u00f3w? Co wiemy o kulturze pochodzenia dziecka?<\/p>\n\n\n\n<p>Przedstawiamy tu trzy schematy, kt\u00f3re pozwol\u0105 si\u0119 zapozna\u0107, z r\u00f3\u017cnymi aspektami tej sytuacji.<\/p>\n\n\n\n<p>1. <strong><em>Kontekst migracji:<\/em><\/strong> u\u017cywaj\u0105c tego schematu poznasz lepiej sytuacj\u0119 rodziny i przyczyny ich przeprowadzki do Polski. <br>2. <strong><em>Kontekst szkolny:<\/em><\/strong> u\u017cywaj\u0105c tego schematu lepiej zrozumiesz system szkolny, z kt\u00f3rego wywodzi si\u0119 dziecko. <br>3. <strong><em>Poznaj dziecko:<\/em><\/strong> u\u017cywaj\u0105c tego schematu lepiej poznasz sytuacj\u0119 ucznia lub uczennicy z ich w\u0142asnej perspektywy i perspektywy jego rodzic\u00f3w lub opiekun\u00f3w.<\/p>\n","protected":false},"excerpt":{"rendered":"","protected":false},"author":1,"featured_media":862,"parent":0,"menu_order":0,"comment_status":"closed","ping_status":"closed","template":"page-templates\/level.php","meta":{"_acf_changed":false,"inline_featured_image":false,"footnotes":""},"class_list":["post-885","page","type-page","status-publish","has-post-thumbnail","hentry"],"acf":[],"_links":{"self":[{"href":"https:\/\/migration.psychologia.uj.edu.pl\/pl\/wp-json\/wp\/v2\/pages\/885","targetHints":{"allow":["GET"]}}],"collection":[{"href":"https:\/\/migration.psychologia.uj.edu.pl\/pl\/wp-json\/wp\/v2\/pages"}],"about":[{"href":"https:\/\/migration.psychologia.uj.edu.pl\/pl\/wp-json\/wp\/v2\/types\/page"}],"author":[{"embeddable":true,"href":"https:\/\/migration.psychologia.uj.edu.pl\/pl\/wp-json\/wp\/v2\/users\/1"}],"replies":[{"embeddable":true,"href":"https:\/\/migration.psychologia.uj.edu.pl\/pl\/wp-json\/wp\/v2\/comments?post=885"}],"version-history":[{"count":8,"href":"https:\/\/migration.psychologia.uj.edu.pl\/pl\/wp-json\/wp\/v2\/pages\/885\/revisions"}],"predecessor-version":[{"id":1408,"href":"https:\/\/migration.psychologia.uj.edu.pl\/pl\/wp-json\/wp\/v2\/pages\/885\/revisions\/1408"}],"wp:featuredmedia":[{"embeddable":true,"href":"https:\/\/migration.psychologia.uj.edu.pl\/pl\/wp-json\/wp\/v2\/media\/862"}],"wp:attachment":[{"href":"https:\/\/migration.psychologia.uj.edu.pl\/pl\/wp-json\/wp\/v2\/media?parent=885"}],"curies":[{"name":"wp","href":"https:\/\/api.w.org\/{rel}","templated":true}]}}