{"id":887,"date":"2022-12-06T09:16:03","date_gmt":"2022-12-06T09:16:03","guid":{"rendered":"https:\/\/diagram.8080.dev\/the-school-level\/"},"modified":"2023-06-28T23:01:30","modified_gmt":"2023-06-28T23:01:30","slug":"the-school-level","status":"publish","type":"page","link":"https:\/\/migration.psychologia.uj.edu.pl\/pl\/the-school-level\/","title":{"rendered":"Szko\u0142a"},"content":{"rendered":"\n<p>Podzielili\u015bmy zagadnienia dotycz\u0105ce szko\u0142y na trzy obszary, kt\u00f3re warto bra\u0107 pod uwag\u0119.<\/p>\n\n\n\n<p>Pierwszy nawi\u0105zuje do polskiego systemu edukacji i kultury organizacyjnej twojej szko\u0142y.<\/p>\n\n\n\n<p>Drugi obszar nawi\u0105zuje do samego budynku, w kt\u00f3rym znajduje si\u0119 szko\u0142a i przestrzeni, kt\u00f3re mog\u0105 w r\u00f3\u017cnym stopniu sygnalizowa\u0107 otwarto\u015b\u0107 na r\u00f3\u017cnorodno\u015b\u0107 j\u0119zykow\u0105 i kulturow\u0105.<\/p>\n\n\n\n<p>Trzeci obszar odnosi si\u0119 do szko\u0142y jako spo\u0142eczno\u015bci, w sk\u0142ad kt\u00f3rej wchodz\u0105 uczniowie i uczennice, kadra dydaktyczna i pozosta\u0142e osoby pracuj\u0105ce w szkole. Bardzo wa\u017cne jest, by dyrekcja przygotowa\u0142a osoby zatrudnione w plac\u00f3wce do kontaktu z dzie\u0107mi zr\u00f3\u017cnicowanymi kulturowo (np. organizuj\u0105c warsztaty lub konsultacje).<\/p>\n\n\n\n<p><\/p>\n","protected":false},"excerpt":{"rendered":"","protected":false},"author":1,"featured_media":863,"parent":0,"menu_order":0,"comment_status":"closed","ping_status":"closed","template":"page-templates\/level.php","meta":{"_acf_changed":false,"inline_featured_image":false,"footnotes":""},"class_list":["post-887","page","type-page","status-publish","has-post-thumbnail","hentry"],"acf":[],"_links":{"self":[{"href":"https:\/\/migration.psychologia.uj.edu.pl\/pl\/wp-json\/wp\/v2\/pages\/887","targetHints":{"allow":["GET"]}}],"collection":[{"href":"https:\/\/migration.psychologia.uj.edu.pl\/pl\/wp-json\/wp\/v2\/pages"}],"about":[{"href":"https:\/\/migration.psychologia.uj.edu.pl\/pl\/wp-json\/wp\/v2\/types\/page"}],"author":[{"embeddable":true,"href":"https:\/\/migration.psychologia.uj.edu.pl\/pl\/wp-json\/wp\/v2\/users\/1"}],"replies":[{"embeddable":true,"href":"https:\/\/migration.psychologia.uj.edu.pl\/pl\/wp-json\/wp\/v2\/comments?post=887"}],"version-history":[{"count":8,"href":"https:\/\/migration.psychologia.uj.edu.pl\/pl\/wp-json\/wp\/v2\/pages\/887\/revisions"}],"predecessor-version":[{"id":1374,"href":"https:\/\/migration.psychologia.uj.edu.pl\/pl\/wp-json\/wp\/v2\/pages\/887\/revisions\/1374"}],"wp:featuredmedia":[{"embeddable":true,"href":"https:\/\/migration.psychologia.uj.edu.pl\/pl\/wp-json\/wp\/v2\/media\/863"}],"wp:attachment":[{"href":"https:\/\/migration.psychologia.uj.edu.pl\/pl\/wp-json\/wp\/v2\/media?parent=887"}],"curies":[{"name":"wp","href":"https:\/\/api.w.org\/{rel}","templated":true}]}}